{"id":405,"date":"2016-05-15T06:39:54","date_gmt":"2016-05-15T06:39:54","guid":{"rendered":"http:\/\/noisa.rascalsthemes.com\/light\/?page_id=405"},"modified":"2024-09-20T12:05:20","modified_gmt":"2024-09-20T10:05:20","slug":"blossom-studio","status":"publish","type":"page","link":"https:\/\/benjaminlejean.com\/index.php\/blossom-studio\/","title":{"rendered":"Home &#8211; BLOSSOM STUDIO"},"content":{"rendered":"<p>[vc_row full_width=&#8221;stretch_row&#8221; parallax=&#8221;content-moving&#8221; css=&#8221;.vc_custom_1463147439039{margin-bottom: 60px !important;padding-top: 80px !important;padding-bottom: 0px !important;background-position: center;background-repeat: no-repeat;background-size:contain;}&#8221;][vc_column][vc_custom_heading text=&#8221;Prestations&#8221; font_container=&#8221;tag:h2|font_size:50px|text_align:center&#8221; use_theme_fonts=&#8221;yes&#8221; css=&#8221;.vc_custom_1573731336492{margin-bottom: 5px !important;}&#8221;][vc_empty_space height=&#8221;35px&#8221;][vc_row_inner][vc_column_inner width=&#8221;1\/3&#8243;][vc_custom_heading text=&#8221;Musique&#8221; font_container=&#8221;tag:h2|font_size:35|text_align:center&#8221; use_theme_fonts=&#8221;yes&#8221;][\/vc_column_inner][vc_column_inner width=&#8221;1\/3&#8243; offset=&#8221;vc_hidden-xs&#8221;][\/vc_column_inner][vc_column_inner width=&#8221;1\/3&#8243;][vc_custom_heading text=&#8221;Post-production&#8221; font_container=&#8221;tag:h2|font_size:35|text_align:center&#8221; use_theme_fonts=&#8221;yes&#8221;][\/vc_column_inner][\/vc_row_inner][vc_empty_space height=&#8221;35px&#8221;][vc_row_inner][vc_column_inner width=&#8221;1\/3&#8243;]\r\n\t        <div class=\"icon_column icon_right\">\r\n\t            <span class=\"icon icon-music\"><\/span>\r\n\t            <div class=\"text-holder\"><span class=\"icon_column_title\">COMPOSITION, R\u00c9ALISATION<\/span>Chanson \/ instrumental<br \/>\nArrangement pour orchestre, beat making<\/div>\r\n\t            \r\n\t        <\/div>\r\n\t    \r\n\t        <div class=\"icon_column icon_right\">\r\n\t            <span class=\"icon icon-headphones\"><\/span>\r\n\t            <div class=\"text-holder\"><span class=\"icon_column_title\">ENREGISTREMENT<\/span>Voix et tout instrument, section de cordes, cuivres, bois, petite formation<\/div>\r\n\t            \r\n\t        <\/div>\r\n\t    \r\n\t        <div class=\"icon_column icon_right\">\r\n\t            <span class=\"icon icon-equalizer\"><\/span>\r\n\t            <div class=\"text-holder\"><span class=\"icon_column_title\">MIXAGE<\/span>Single, EP, album, live : tout style, de l&#8217;orchestral \u00e0 la pop moderne, EDM, jazz, rock, hip hop<\/div>\r\n\t            \r\n\t        <\/div>\r\n\t    \r\n\t        <div class=\"icon_column icon_right\">\r\n\t            <span class=\"icon icon-play2\"><\/span>\r\n\t            <div class=\"text-holder\"><span class=\"icon_column_title\">MASTERING<\/span>Streaming, CD, vinyle<\/div>\r\n\t            \r\n\t        <\/div>\r\n\t    [\/vc_column_inner][vc_column_inner width=&#8221;1\/3&#8243; offset=&#8221;vc_hidden-xs&#8221;][vc_single_image image=&#8221;880&#8243; img_size=&#8221;full&#8221; alignment=&#8221;center&#8221;][\/vc_column_inner][vc_column_inner width=&#8221;1\/3&#8243;]\r\n\t        <div class=\"icon_column icon_left\">\r\n\t            <span class=\"icon icon-music\"><\/span>\r\n\t            <div class=\"text-holder\"><span class=\"icon_column_title\">HABILLAGE MUSICAL<\/span>Composition musique originale : Pub, s\u00e9rie, animation, long-m\u00e9trage, court-m\u00e9trage, spectacle vivant.<\/div>\r\n\t            \r\n\t        <\/div>\r\n\t    \r\n\t        <div class=\"icon_column icon_left\">\r\n\t            <span class=\"icon icon-headphones\"><\/span>\r\n\t            <div class=\"text-holder\"><span class=\"icon_column_title\">ENREGISTREMENT<\/span>Voix, voix off, podcast<br \/>\nDirection vocale<\/div>\r\n\t            \r\n\t        <\/div>\r\n\t    \r\n\t        <div class=\"icon_column icon_left\">\r\n\t            <span class=\"icon icon-equalizer\"><\/span>\r\n\t            <div class=\"text-holder\"><span class=\"icon_column_title\">MIXAGE<\/span>Pub, \u00e9mission de flux, documentaire, s\u00e9rie , court et long m\u00e9trage, mise aux normes TV, web, cin\u00e9, PAD<\/div>\r\n\t            \r\n\t        <\/div>\r\n\t    \r\n\t        <div class=\"icon_column icon_left\">\r\n\t            <span class=\"icon icon-play2\"><\/span>\r\n\t            <div class=\"text-holder\"><span class=\"icon_column_title\">SOUND DESIGN<\/span>Cr\u00e9ation d&#8217;effet sonore, montage son, enregistrement de bruitages<\/div>\r\n\t            \r\n\t        <\/div>\r\n\t    [\/vc_column_inner][\/vc_row_inner][\/vc_column][\/vc_row][vc_row full_width=&#8221;stretch_row&#8221; css=&#8221;.vc_custom_1500993113687{margin-bottom: 0px !important;padding-top: 80px !important;padding-bottom: 120px !important;background-color: #f6f6f6 !important;background-position: 0 0 !important;background-repeat: no-repeat !important;}&#8221;][vc_column][vc_custom_heading text=&#8221;Mat\u00e9riel&#8221; font_container=&#8221;tag:h2|font_size:50px|text_align:center&#8221; use_theme_fonts=&#8221;yes&#8221; css=&#8221;.vc_custom_1573735146898{margin-bottom: 5px !important;}&#8221;][vc_empty_space height=&#8221;64px&#8221;][vc_row_inner][vc_column_inner width=&#8221;1\/3&#8243; css=&#8221;.vc_custom_1490702509308{margin-bottom: 30px !important;}&#8221;][vc_single_image image=&#8221;1238&#8243; img_size=&#8221;300X200&#8243; alignment=&#8221;center&#8221;][vc_custom_heading text=&#8221;<strong>STATION<\/strong>&#8221; font_container=&#8221;tag:div|font_size:22px|text_align:center&#8221; use_theme_fonts=&#8221;yes&#8221; css=&#8221;.vc_custom_1573735408628{margin-bottom: 30px !important;}&#8221;][vc_column_text]<\/p>\n<ul class=\"custom-ul\">\n<li>Convertisseurs : Prism sound Orpheus, RME UFX<\/li>\n<li><span class=\"text_exposed_show\">Monitoring : 5.1 PMC TB2all + sub Genelec<\/span><\/li>\n<li>Protools 12, Cubase 12, Ableton live 10<\/li>\n<li>Carte UAD OCTO + DUO<\/li>\n<li>Traitement acoustique : Michel Deluc<\/li>\n<li>Casques : Sennheiser, Beyerdynamics<\/li>\n<\/ul>\n<p>[\/vc_column_text][\/vc_column_inner][vc_column_inner width=&#8221;1\/3&#8243; css=&#8221;.vc_custom_1490702643763{margin-bottom: 30px !important;}&#8221;][vc_single_image image=&#8221;1244&#8243; img_size=&#8221;300X200&#8243; alignment=&#8221;center&#8221;][vc_custom_heading text=&#8221;<strong>P\u00c9RIPH\u00c9RIQUES &amp; MICROS<\/strong>&#8221; font_container=&#8221;tag:div|font_size:22px|text_align:center&#8221; use_theme_fonts=&#8221;yes&#8221; css=&#8221;.vc_custom_1573735415457{margin-bottom: 30px !important;}&#8221;][vc_column_text]<\/p>\n<ul class=\"custom-ul\">\n<li><span class=\"text_exposed_show\">Pr\u00e9-amplis : Neve 1073 DPA, Stam audio 1073, LA 610 (x2), prism sound Orpheus (x4), Avalon U5.<br \/>\n<\/span><\/li>\n<li><span class=\"text_exposed_show\">Compresseurs : Thermionic culture phoenix, SSL Bus compressor SA400, Elysia Xpressor, DBX 160x, UA 610.<\/span><\/li>\n<li>EQ : Elysia XFilter<\/li>\n<li><span class=\"text_exposed_show\">Micros : U47 (Nordic labs audio), Brauner phantera, AKG C414(x2), No hype lrm1, M201, M88, Re20, Sm 57, Sm58&#8230;<\/span><\/li>\n<li>Elysia Karacter, Eventide Space, time factor, moog ring modulator, digitech whammy<\/li>\n<\/ul>\n<p>[\/vc_column_text][\/vc_column_inner][vc_column_inner width=&#8221;1\/3&#8243; css=&#8221;.vc_custom_1490702653434{margin-bottom: 30px !important;}&#8221;][vc_single_image image=&#8221;1245&#8243; img_size=&#8221;300X200&#8243; alignment=&#8221;center&#8221;][vc_custom_heading text=&#8221;<strong>SOFTWARE &amp; INSTRUMENTS <\/strong>&#8221; font_container=&#8221;tag:div|font_size:22px|text_align:center&#8221; use_theme_fonts=&#8221;yes&#8221; css=&#8221;.vc_custom_1573735421580{margin-bottom: 30px !important;}&#8221;][vc_column_text]<\/p>\n<ul class=\"custom-ul\">\n<li><span class=\"text_exposed_show\">Komplete ultimate<br \/>\n<\/span><\/li>\n<li><span class=\"text_exposed_show\">UAD, Sound toys, Fabfilter, izotope RX advanced<br \/>\n<\/span><\/li>\n<li><span class=\"text_exposed_show\">All Spectrasonics, slate digital, Project sam<br \/>\n<\/span><\/li>\n<li>Grace Designs M201 2-channel preamp<\/li>\n<li>GIBSON ES 135, Fender Stratocaster, Godin LGXSA, GiBSON J45<\/li>\n<li>Amplis ORANGE, Fender<\/li>\n<\/ul>\n<p>[\/vc_column_text][\/vc_column_inner][\/vc_row_inner][\/vc_column][\/vc_row][vc_row full_width=&#8221;stretch_row_content_no_spaces&#8221; equal_height=&#8221;yes&#8221; css=&#8221;.vc_custom_1463153100816{margin-top: 0px !important;margin-bottom: 0px !important;}&#8221;][vc_column width=&#8221;1\/2&#8243; css=&#8221;.vc_custom_1463147741515{padding-top: 250px !important;padding-right: 20% !important;padding-bottom: 250px !important;padding-left: 20% !important;background-color: #29292f !important;background-position: center !important;background-repeat: no-repeat !important;background-size: cover !important;}&#8221; el_class=&#8221;padding-column&#8221;][vc_custom_heading text=&#8221;\u00c0 propos du studio&#8221; font_container=&#8221;tag:h2|font_size:40px|text_align:left|color:%23ffffff&#8221; use_theme_fonts=&#8221;yes&#8221; css=&#8221;.vc_custom_1574805997420{margin-bottom: 30px !important;}&#8221;][vc_custom_heading text=&#8221;Lieu d\u00e9di\u00e9 \u00e0 la production musicale et la post-production audio situ\u00e9 \u00e0 Paris dans le 18\u00e8me arrondissement dont la cabine a \u00e9t\u00e9 con\u00e7ue par l&#8217;acousticien Michel Deluc&#8221; font_container=&#8221;tag:h5|font_size:20px|text_align:left|color:%23e5e5e5|line_height:32px&#8221; use_theme_fonts=&#8221;yes&#8221; font_caps=&#8221;&#8221; css=&#8221;.vc_custom_1726822026934{margin-bottom: 50px !important;}&#8221;][vc_custom_heading text=&#8221;Le studio propose une qualit\u00e9 d&#8217;\u00e9coute irr\u00e9prochable dans un cadre confortable et apaisant. Aussi bien adapt\u00e9 pour la production musicale que pour la post-production audiovisuelle en passant par l&#8217;enregistrement.&#8221; font_container=&#8221;tag:p|font_size:17px|text_align:left|color:%23d0d0d0|line_height:32px&#8221; use_theme_fonts=&#8221;yes&#8221; font_caps=&#8221;&#8221; css=&#8221;.vc_custom_1726822322606{margin-bottom: 50px !important;}&#8221;]<a class=\"btn btn-medium default-btn\" href=\"mailto:sorgneb@gmail.com\" >CONTACTEZ-NOUS<\/a>[\/vc_column][vc_column width=&#8221;1\/2&#8243; css=&#8221;.vc_custom_1726821686508{background-image: url(http:\/\/benjaminlejean.com\/wp-content\/uploads\/2024\/09\/DSC04145-copy.jpg?id=1239) !important;background-position: center !important;background-repeat: no-repeat !important;background-size: cover !important;}&#8221;][vc_empty_space height=&#8221;400px&#8221;][\/vc_column][\/vc_row][vc_row full_width=&#8221;stretch_row&#8221; parallax=&#8221;content-moving&#8221; css=&#8221;.vc_custom_1463236980000{margin-top: 120px !important;margin-bottom: 120px !important;}&#8221;][vc_column][vc_custom_heading text=&#8221;R\u00e9f\u00e9rences&#8221; font_container=&#8221;tag:h2|font_size:50px|text_align:center&#8221; use_theme_fonts=&#8221;yes&#8221; css=&#8221;.vc_custom_1572621482588{margin-bottom: 5px !important;}&#8221;][vc_empty_space height=&#8221;70px&#8221;]<div class=\"no-gap releases-grid clearfix\"><article class=\"masonry-item masonry-item-1-4 post-1305 noisa_releases type-noisa_releases status-publish has-post-thumbnail hentry\"><div class=\"grid-media\"><a href=\"https:\/\/benjaminlejean.com\/index.php\/releases\/yoroi-un-an-dans-larmure\/\" class=\"thumb thumb-desc\"><img decoding=\"async\" src=\"https:\/\/benjaminlejean.com\/wp-content\/uploads\/2025\/11\/588399923_17842088835633183_6074654702256966074_n-619x660.jpg\" alt=\"Post Image\"><div class=\"desc-layer\"><div class=\"desc-details\"><h2 class=\"grid-title\">Yoroi &#8220;un an dans l&#8217;armure&#8221;<\/h2><div class=\"grid-cats\"><\/div><\/div><div class=\"arrow-icon\"><\/div><\/div><\/a><\/div><\/article><article class=\"masonry-item masonry-item-1-4 post-1285 noisa_releases type-noisa_releases status-publish has-post-thumbnail hentry\"><div class=\"grid-media\"><a href=\"https:\/\/benjaminlejean.com\/index.php\/releases\/nouveau-jour-m6\/\" class=\"thumb thumb-desc tip active-tip\"><img decoding=\"async\" src=\"https:\/\/benjaminlejean.com\/wp-content\/uploads\/2025\/07\/Nouveaujour-660x660.jpg\" alt=\"Post Image\"><div class=\"desc-layer\"><div class=\"desc-details\"><h2 class=\"grid-title\">Nouveau jour M6<\/h2><div class=\"grid-cats\"><\/div><\/div><div class=\"arrow-icon\"><\/div><\/div><div class=\"tip-content hidden\">Musique originale fiction quotidienne pour m6 avec Romain Joutard<\/div><\/a><\/div><\/article><article class=\"masonry-item masonry-item-1-4 post-1264 noisa_releases type-noisa_releases status-publish has-post-thumbnail hentry\"><div class=\"grid-media\"><a href=\"https:\/\/benjaminlejean.com\/index.php\/releases\/les-marioles\/\" class=\"thumb thumb-desc tip active-tip\"><img decoding=\"async\" src=\"https:\/\/benjaminlejean.com\/wp-content\/uploads\/2024\/09\/Mariole-carr\u00e9-660x660.jpg\" alt=\"Post Image\"><div class=\"desc-layer\"><div class=\"desc-details\"><h2 class=\"grid-title\">Les Marioles<\/h2><div class=\"grid-cats\"><\/div><\/div><div class=\"arrow-icon\"><\/div><\/div><div class=\"tip-content hidden\">Musique original webs\u00e9rie d'animation (8 \u00e9pisodes)\r\nR\u00e9alisation sonore (Enregistrement ,sound design, mixage)<\/div><\/a><\/div><\/article><article class=\"masonry-item masonry-item-1-4 post-1209 noisa_releases type-noisa_releases status-publish has-post-thumbnail hentry\"><div class=\"grid-media\"><a href=\"https:\/\/benjaminlejean.com\/index.php\/releases\/boss-musique-original-milan-2023\/\" class=\"thumb thumb-desc tip active-tip\"><img decoding=\"async\" src=\"https:\/\/benjaminlejean.com\/wp-content\/uploads\/2023\/09\/Boss-Logo-660x660.jpg\" alt=\"Post Image\"><div class=\"desc-layer\"><div class=\"desc-details\"><h2 class=\"grid-title\">Boss Musique originale Milan 2023<\/h2><div class=\"grid-cats\"><\/div><\/div><div class=\"arrow-icon\"><\/div><\/div><div class=\"tip-content hidden\">Musique originale d\u00e9fil\u00e9 septembre 2023 Milan<\/div><\/a><\/div><\/article><article class=\"masonry-item masonry-item-1-4 post-1180 noisa_releases type-noisa_releases status-publish has-post-thumbnail hentry\"><div class=\"grid-media\"><a href=\"https:\/\/benjaminlejean.com\/index.php\/releases\/terminator-2-no-fate\/\" class=\"thumb thumb-desc tip active-tip\"><img decoding=\"async\" src=\"https:\/\/benjaminlejean.com\/wp-content\/uploads\/2022\/01\/no-fate-2-660x660.jpg\" alt=\"Post Image\"><div class=\"desc-layer\"><div class=\"desc-details\"><h2 class=\"grid-title\">Terminator 2 &#8211; No fate &#8211; Exp\u00e9rience immersive<\/h2><div class=\"grid-cats\"><\/div><\/div><div class=\"arrow-icon\"><\/div><\/div><div class=\"tip-content hidden\">Composition musique originale de toute l\u2019exp\u00e9rience<\/div><\/a><\/div><\/article><article class=\"masonry-item masonry-item-1-4 post-1143 noisa_releases type-noisa_releases status-publish has-post-thumbnail hentry\"><div class=\"grid-media\"><a href=\"https:\/\/benjaminlejean.com\/index.php\/releases\/cacao-serie-canal-plus-12-episodes\/\" class=\"thumb thumb-desc tip active-tip\"><img decoding=\"async\" src=\"https:\/\/benjaminlejean.com\/wp-content\/uploads\/2020\/05\/cacao.jpg\" alt=\"Post Image\"><div class=\"desc-layer\"><div class=\"desc-details\"><h2 class=\"grid-title\">Cacao s\u00e9rie Canal plus<\/h2><div class=\"grid-cats\"><\/div><\/div><div class=\"arrow-icon\"><\/div><\/div><div class=\"tip-content hidden\">Composition musique originale, montage son, sound design, mixage des 12 \u00e9pisodes (12x52')<\/div><\/a><\/div><\/article><article class=\"masonry-item masonry-item-1-4 post-1166 noisa_releases type-noisa_releases status-publish has-post-thumbnail hentry\"><div class=\"grid-media\"><a href=\"https:\/\/benjaminlejean.com\/index.php\/releases\/le-chant-des-fusils-long-metrage\/\" class=\"thumb thumb-desc tip active-tip\"><img decoding=\"async\" src=\"https:\/\/benjaminlejean.com\/wp-content\/uploads\/2022\/01\/Chant-des-fusils-660x660.jpg\" alt=\"Post Image\"><div class=\"desc-layer\"><div class=\"desc-details\"><h2 class=\"grid-title\">Le chant des fusils long m\u00e9trage<\/h2><div class=\"grid-cats\"><\/div><\/div><div class=\"arrow-icon\"><\/div><\/div><div class=\"tip-content hidden\">Composition musique originale \/ Montage son et mixage 5.1<\/div><\/a><\/div><\/article><article class=\"masonry-item masonry-item-1-4 post-1163 noisa_releases type-noisa_releases status-publish has-post-thumbnail hentry\"><div class=\"grid-media\"><a href=\"#\" class=\"thumb thumb-desc thumb-post-count tip active-tip\"><img decoding=\"async\" src=\"https:\/\/benjaminlejean.com\/wp-content\/uploads\/2022\/01\/ob_7fd277_nawak-660x660.jpg\" alt=\"Post Image\"><div class=\"desc-layer\"><div class=\"desc-plus\"><\/div><div class=\"desc-count\">20<\/div><\/div><\/a><\/div><\/article><\/div><div class=\"clear\"><\/div>[\/vc_column][\/vc_row][vc_row full_width=&#8221;stretch_row&#8221; parallax=&#8221;content-moving&#8221; parallax_image=&#8221;383&#8243; overlay=&#8221;0&#8243; gradient_from=&#8221;rgba(53,62,76,0.39)&#8221; gradient_to=&#8221;rgba(53,62,76,0.39)&#8221; gradient_direction=&#8221;0deg&#8221; css=&#8221;.vc_custom_1500993235498{margin-bottom: 0px !important;padding-top: 80px !important;padding-bottom: 120px !important;}&#8221; el_class=&#8221;dark-bg&#8221;][vc_column][vc_custom_heading text=&#8221;Tarifs indicatifs&#8221; font_container=&#8221;tag:h2|font_size:50px|text_align:center|color:%23ffffff&#8221; use_theme_fonts=&#8221;yes&#8221; css=&#8221;.vc_custom_1573734274433{margin-bottom: 5px !important;}&#8221;][vc_custom_heading text=&#8221;modulables en fonction des projets&#8221; font_container=&#8221;tag:h4|font_size:26px|text_align:center&#8221; use_theme_fonts=&#8221;yes&#8221; font_caps=&#8221;&#8221; css=&#8221;.vc_custom_1573736679426{margin-bottom: 60px !important;}&#8221; el_class=&#8221;section-subheading&#8221;][vc_row_inner][vc_column_inner width=&#8221;1\/3&#8243;]<div class='price-table'><div class='price-table-inner'><ul><li class='prices'><div class='price-wrapper'><sup class='value'>\u20ac<\/sup><span class='price'>100<\/span><sub class='mark'>h<\/sub><\/div><\/li><li class='table-title'>Enregistrement<\/li><li class=\"price-content-list\"><ul><li>Forfait demi-journ\u00e9e sur demande<\/li><li>Forfait journ\u00e9e sur demande<\/li><li>Voix \/ voix off<\/li><li>Podcast<\/li><li>Enregistrement rere ou live<\/li><\/ul><\/li><li class='price-button-wrapper'><a class='btn medium' href='mailto:sorgneb@gmail.com' target='_self'>CONTACTEZ-NOUS<\/a><\/li><\/ul><\/div><\/div>[\/vc_column_inner][vc_column_inner width=&#8221;1\/3&#8243;]<div class='price-table'><div class='price-table-inner important-price'><ul><li class='prices'><div class='price-wrapper'><sup class='value'>\u20ac<\/sup><span class='price'>490<\/span><sub class='mark'>jour<\/sub><\/div><\/li><li class='table-title'>Mixage musique<\/li><li class=\"price-content-list\"><ul><li>Forfait album sur demande<\/li><li>Forfait EP sur demande<\/li><li>Forfait production + mix sur demande<\/li><li>Tarifs audiovisuel sur demande<\/li><li><\/li><\/ul><\/li><li class='price-button-wrapper'><a class='btn medium' href='mailto:sorgneb@gmail.com' target='_self'>CONTACTEZ-NOUS<\/a><\/li><\/ul><\/div><\/div>[\/vc_column_inner][vc_column_inner width=&#8221;1\/3&#8243;]<div class='price-table'><div class='price-table-inner'><ul><li class='prices'><div class='price-wrapper'><sup class='value'>\u20ac<\/sup><span class='price'>50<\/span><sub class='mark'>titre<\/sub><\/div><\/li><li class='table-title'>Mastering<\/li><li class=\"price-content-list\"><ul><li>St\u00e9r\u00e9o mastering<\/li><li>Stems mastering<\/li><li>Streaming<\/li><li>CD<\/li><li>Vinyle<\/li><\/ul><\/li><li class='price-button-wrapper'><a class='btn medium' href='mailto:sorgneb@gmail.com' target='_self'>CONTACTEZ-NOUS<\/a><\/li><\/ul><\/div><\/div>[\/vc_column_inner][\/vc_row_inner][\/vc_column][\/vc_row]<\/p>\n","protected":false},"excerpt":{"rendered":"<p>[vc_row full_width=&#8221;stretch_row&#8221; parallax=&#8221;content-moving&#8221; css=&#8221;.vc_custom_1463147439039{margin-bottom: 60px !important;padding-top: 80px !important;padding-bottom: 0px !important;background-position: center;background-repeat: no-repeat;background-size:contain;}&#8221;][vc_column][vc_custom_heading text=&#8221;Prestations&#8221; font_container=&#8221;tag:h2|font_size:50px|text_align:center&#8221; use_theme_fonts=&#8221;yes&#8221; css=&#8221;.vc_custom_1573731336492{margin-bottom: 5px !important;}&#8221;][vc_empty_space height=&#8221;35px&#8221;][vc_row_inner][vc_column_inner width=&#8221;1\/3&#8243;][vc_custom_heading text=&#8221;Musique&#8221; font_container=&#8221;tag:h2|font_size:35|text_align:center&#8221; use_theme_fonts=&#8221;yes&#8221;][\/vc_column_inner][vc_column_inner width=&#8221;1\/3&#8243; offset=&#8221;vc_hidden-xs&#8221;][\/vc_column_inner][vc_column_inner width=&#8221;1\/3&#8243;][vc_custom_heading text=&#8221;Post-production&#8221; font_container=&#8221;tag:h2|font_size:35|text_align:center&#8221; use_theme_fonts=&#8221;yes&#8221;][\/vc_column_inner][\/vc_row_inner][vc_empty_space height=&#8221;35px&#8221;][vc_row_inner][vc_column_inner width=&#8221;1\/3&#8243;][\/vc_column_inner][vc_column_inner width=&#8221;1\/3&#8243; offset=&#8221;vc_hidden-xs&#8221;][vc_single_image image=&#8221;880&#8243; img_size=&#8221;full&#8221; alignment=&#8221;center&#8221;][\/vc_column_inner][vc_column_inner width=&#8221;1\/3&#8243;][\/vc_column_inner][\/vc_row_inner][\/vc_column][\/vc_row][vc_row full_width=&#8221;stretch_row&#8221; css=&#8221;.vc_custom_1500993113687{margin-bottom: 0px !important;padding-top: 80px !important;padding-bottom: 120px !important;background-color: #f6f6f6 !important;background-position: 0 0 !important;background-repeat: no-repeat !important;}&#8221;][vc_column][vc_custom_heading text=&#8221;Mat\u00e9riel&#8221; font_container=&#8221;tag:h2|font_size:50px|text_align:center&#8221; use_theme_fonts=&#8221;yes&#8221; [&hellip;]<\/p>\n","protected":false},"author":1,"featured_media":0,"parent":0,"menu_order":0,"comment_status":"closed","ping_status":"closed","template":"","meta":{"footnotes":""},"class_list":["post-405","page","type-page","status-publish","hentry"],"_links":{"self":[{"href":"https:\/\/benjaminlejean.com\/index.php\/wp-json\/wp\/v2\/pages\/405","targetHints":{"allow":["GET"]}}],"collection":[{"href":"https:\/\/benjaminlejean.com\/index.php\/wp-json\/wp\/v2\/pages"}],"about":[{"href":"https:\/\/benjaminlejean.com\/index.php\/wp-json\/wp\/v2\/types\/page"}],"author":[{"embeddable":true,"href":"https:\/\/benjaminlejean.com\/index.php\/wp-json\/wp\/v2\/users\/1"}],"replies":[{"embeddable":true,"href":"https:\/\/benjaminlejean.com\/index.php\/wp-json\/wp\/v2\/comments?post=405"}],"version-history":[{"count":57,"href":"https:\/\/benjaminlejean.com\/index.php\/wp-json\/wp\/v2\/pages\/405\/revisions"}],"predecessor-version":[{"id":701,"href":"https:\/\/benjaminlejean.com\/index.php\/wp-json\/wp\/v2\/pages\/405\/revisions\/701"}],"wp:attachment":[{"href":"https:\/\/benjaminlejean.com\/index.php\/wp-json\/wp\/v2\/media?parent=405"}],"curies":[{"name":"wp","href":"https:\/\/api.w.org\/{rel}","templated":true}]}}