{"id":332,"date":"2016-04-21T11:17:01","date_gmt":"2016-04-21T11:17:01","guid":{"rendered":"http:\/\/noisa.rascalsthemes.com\/light\/?page_id=332"},"modified":"2024-11-22T15:08:17","modified_gmt":"2024-11-22T14:08:17","slug":"bio","status":"publish","type":"page","link":"https:\/\/benjaminlejean.com\/index.php\/bio\/","title":{"rendered":"Qui suis-je ?"},"content":{"rendered":"<p>[vc_row][vc_column][vc_column_text]<span style=\"font-family: Source Sans Pro;\"><span style=\"font-size: medium;\">Benjamin Le Jean est un compositeur, r\u00e9alisateur et sound designer parisien travaillant pour le cin\u00e9ma, l&#8217;animation, la t\u00e9l\u00e9vision et le spectacle vivant. <\/span><\/span><span style=\"font-family: Source Sans Pro, Helvetica, Arial, sans-serif;\"><span style=\"font-size: medium;\">Il<\/span><\/span><span style=\"color: #111111;\"><span style=\"font-family: Source Sans Pro, Helvetica, Arial, sans-serif;\"><span style=\"font-size: medium;\"> commence son apprentissage musical par la guitare jazz <\/span><\/span><\/span><span style=\"color: #111111;\"><span style=\"font-family: Source Sans Pro;\"><span style=\"font-size: medium;\">aux c\u00f4t\u00e9s de Pierre Cullaz <\/span><\/span><\/span><span style=\"color: #111111;\"><span style=\"font-family: Source Sans Pro, Helvetica, Arial, sans-serif;\"><span style=\"font-size: medium;\">et se tourne tr\u00e8s vite vers la composition, en commen\u00e7ant par l&#8217;\u00e9criture classique au conservatoire et le jazz avec Christophe Dal Sasso et Lionel Belmondo. <\/span><\/span><\/span><span style=\"color: #111111;\"><span style=\"font-family: Source Sans Pro;\"><span style=\"font-size: medium;\">Tr\u00e8s influenc\u00e9 par la musique classique (Ravel, Boulanger) et la musique de film (Hisaishi, Elfman, Silvestri), il d\u00e9veloppe une \u00e9criture riche entre orchestral et la pop moderne, toujours au service de l&#8217;\u00e9motion.<\/span><\/span><\/span><\/p>\n<p>En 2008, il compose le g\u00e9n\u00e9rique et l\u2019habillage musical de l&#8217;\u00e9mission \u201cles 20 ans des Guignols de l\u2019info\u201d pour Canal plus. \u00c0 partir de 2010, il travaille en tant qu\u2019illustrateur sonore et compositeur attitr\u00e9 de l\u2019\u00e9mission, cela jusqu&#8217;en 2018. Il compose \u00e9galement la musique de plus de 100 sketchs pour l\u2019\u00e9mission \u201cBienvenue au Groland\u201d ainsi que toute la musique et l&#8217;habillage de la mini-s\u00e9rie &#8220;Plus belle la mort&#8221;.<\/p>\n<p><img loading=\"lazy\" decoding=\"async\" class=\"wp-image-841 aligncenter\" src=\"http:\/\/benjaminlejean.com\/wp-content\/uploads\/2016\/04\/29854_397440579317_6427794_n-300x169.jpg\" alt=\"\" width=\"339\" height=\"191\" srcset=\"https:\/\/benjaminlejean.com\/wp-content\/uploads\/2016\/04\/29854_397440579317_6427794_n-300x169.jpg 300w, https:\/\/benjaminlejean.com\/wp-content\/uploads\/2016\/04\/29854_397440579317_6427794_n-600x337.jpg 600w, https:\/\/benjaminlejean.com\/wp-content\/uploads\/2016\/04\/29854_397440579317_6427794_n.jpg 719w\" sizes=\"auto, (max-width: 339px) 100vw, 339px\" \/><\/p>\n<p>En 2012 il monte son propre studio d\u2019enregistrement o\u00f9 il r\u00e9alisera son premier album auto-produit avec le groupe de pop \u201cAftermoon\u201d.<br \/>\nLa qualit\u00e9 de production de ce disque lui ouvre des portes pour r\u00e9aliser, enregistrer, mixer et masteriser de nombreux projets allant de la pop au jazz en passant par l&#8217;electro et la musique urbaine : Slon, June Milo, Bastien Picot, Ehla, Sarab, Timoth\u00e9e Robert, Movenchy&#8230;<\/p>\n<p>Il commencera par la m\u00eame occasion \u00e0 collaborer avec des labels\/\u00e9diteurs comme BMG, GUM, Universal publishing, Cezame music.<\/p>\n<p><img loading=\"lazy\" decoding=\"async\" class=\"wp-image-1050 aligncenter\" src=\"http:\/\/benjaminlejean.com\/wp-content\/uploads\/2019\/11\/KES_3597_778_RET-200x300.jpg\" alt=\"\" width=\"233\" height=\"350\" srcset=\"https:\/\/benjaminlejean.com\/wp-content\/uploads\/2019\/11\/KES_3597_778_RET-200x300.jpg 200w, https:\/\/benjaminlejean.com\/wp-content\/uploads\/2019\/11\/KES_3597_778_RET-768x1152.jpg 768w, https:\/\/benjaminlejean.com\/wp-content\/uploads\/2019\/11\/KES_3597_778_RET-683x1024.jpg 683w, https:\/\/benjaminlejean.com\/wp-content\/uploads\/2019\/11\/KES_3597_778_RET-600x900.jpg 600w\" sizes=\"auto, (max-width: 233px) 100vw, 233px\" \/><\/p>\n<p>Aussi bien demand\u00e9 pour ses comp\u00e9tences de cr\u00e9ateur que de technicien, il travaille pour des clients et artistes prestigieux tels que : Adidas, Biotherm, la Roche Posay, \u00c9ric et Quentin, Atlantis TV, Michel Muller, les Nations Unies, la Soci\u00e9t\u00e9 G\u00e9n\u00e9rale, Deezer, France inter, France bleu, France 2, Gang films, Quotidien&#8230;<\/p>\n<p>En 2017, il compose de nombreux habillages pour l\u2019\u00e9mission \u201cAffaires sensibles\u201d sur France inter.<br \/>\nIl produit aussi la m\u00eame ann\u00e9e la musique du jeu vid\u00e9o \u00e0 succ\u00e8s \u201cFiscal Kombat\u201d pour la campagne pr\u00e9sidentielle de Jean-Luc M\u00e9lenchon.<\/p>\n<p>En 2019 Il co-\u00e9crit r\u00e9alise et mixe le 1er EP de la chanteuse Slon, finaliste de la nouvelle star 2017.<\/p>\n<p>Il confirme ses talents de compositeur pour la fiction en 2020 et 2021, car il compose pour la s\u00e9rie &#8220;Cacao&#8221; (Canal plus) et le long-m\u00e9trage &#8220;Le chant des fusils&#8221;, tout en conservant sa multi-casquette, puisqu&#8217;il en sera \u00e9galement le mixeur et monteur son. Il fait d&#8217;ailleurs ses d\u00e9buts dans l&#8217;animation en tant que sound designer pour la s\u00e9rie &#8220;Nawak&#8221; cette derni\u00e8re ann\u00e9e.<\/p>\n<p><span style=\"color: #000000;\"><span style=\"font-family: Source Sans Pro, Helvetica, Arial, sans-serif;\"><span style=\"font-size: medium;\">En 2022 il co-\u00e9crit toute la musique et le sound design de l&#8217;exp\u00e9rience immersive \u00ab Terminator 2 no Fate \u00bb avec 60 com\u00e9diens et 800 m2 de d\u00e9cors.<\/span><\/span><\/span><\/p>\n<p><span style=\"color: #000000; font-family: Source Sans Pro, Helvetica, Arial, sans-serif; font-size: medium;\">La m\u00eame ann\u00e9e il compose la musique du clip officiel pour la campagne pr\u00e9sidentielle de Jean-Luc M\u00e9lenchon <span style=\"color: #000000;\"><span style=\"font-family: Source Sans Pro, Helvetica, Arial, sans-serif;\"><span style=\"font-size: medium;\">et la musique du court-m\u00e9trage de Delphine Berger \u00ab Origami \u00bb avec Vincent Desagnat.<\/span><\/span><\/span><\/span><\/p>\n<p><span style=\"color: #000000; font-family: Source Sans Pro, Helvetica, Arial, sans-serif; font-size: medium;\">Il collabore avec le studio d&#8217;animation \u00ab Superprod \u00bb sur la musique de trailers et courts-m\u00e9trages notamment pour la s\u00e9rie \u00ab FRNCK \u00bb en cours de d\u00e9veloppement.<\/span><\/p>\n<p><span style=\"color: #000000;\"><span style=\"font-family: Source Sans Pro, Helvetica, Arial, sans-serif;\"><span style=\"font-size: medium;\">En 2023 il compose la musique du d\u00e9fil\u00e9 Hugo Boss Milan pour la fashion week ainsi que plusieurs spots publicitaires : Pr\u00e9vention routi\u00e8re, Europ assistance&#8230;<\/span><\/span><\/span><\/p>\n<p><span style=\"color: #000000;\"><span style=\"font-family: Source Sans Pro, Helvetica, Arial, sans-serif;\"><span style=\"font-size: medium;\">En 2024, il travaille\u00a0 sur la s\u00e9rie anim\u00e9e \u00ab Les Marioles \u00bb pour la cha\u00eene Blast avec les auteurs des Guignols.<\/span><\/span><\/span>[\/vc_column_text][\/vc_column][\/vc_row][vc_row][vc_column][vc_column_text]<img loading=\"lazy\" decoding=\"async\" class=\"size-medium wp-image-1188 aligncenter\" src=\"http:\/\/benjaminlejean.com\/wp-content\/uploads\/2022\/01\/9f7b9756-7f35-465a-83cf-ce32dbddbc5e-225x300.jpg\" alt=\"\" width=\"225\" height=\"300\" srcset=\"https:\/\/benjaminlejean.com\/wp-content\/uploads\/2022\/01\/9f7b9756-7f35-465a-83cf-ce32dbddbc5e-225x300.jpg 225w, https:\/\/benjaminlejean.com\/wp-content\/uploads\/2022\/01\/9f7b9756-7f35-465a-83cf-ce32dbddbc5e-768x1024.jpg 768w, https:\/\/benjaminlejean.com\/wp-content\/uploads\/2022\/01\/9f7b9756-7f35-465a-83cf-ce32dbddbc5e-1152x1536.jpg 1152w, https:\/\/benjaminlejean.com\/wp-content\/uploads\/2022\/01\/9f7b9756-7f35-465a-83cf-ce32dbddbc5e-600x800.jpg 600w, https:\/\/benjaminlejean.com\/wp-content\/uploads\/2022\/01\/9f7b9756-7f35-465a-83cf-ce32dbddbc5e.jpg 1200w\" sizes=\"auto, (max-width: 225px) 100vw, 225px\" \/>[\/vc_column_text][\/vc_column][\/vc_row]<\/p>\n","protected":false},"excerpt":{"rendered":"<p>[vc_row][vc_column][vc_column_text]Benjamin Le Jean est un compositeur, r\u00e9alisateur et sound designer parisien travaillant pour le cin\u00e9ma, l&#8217;animation, la t\u00e9l\u00e9vision et le spectacle vivant. Il commence son apprentissage musical par la guitare jazz aux c\u00f4t\u00e9s de Pierre Cullaz et se tourne tr\u00e8s vite vers la composition, en commen\u00e7ant par l&#8217;\u00e9criture classique au conservatoire et le jazz avec [&hellip;]<\/p>\n","protected":false},"author":1,"featured_media":0,"parent":0,"menu_order":0,"comment_status":"closed","ping_status":"closed","template":"","meta":{"footnotes":""},"class_list":["post-332","page","type-page","status-publish","hentry"],"_links":{"self":[{"href":"https:\/\/benjaminlejean.com\/index.php\/wp-json\/wp\/v2\/pages\/332","targetHints":{"allow":["GET"]}}],"collection":[{"href":"https:\/\/benjaminlejean.com\/index.php\/wp-json\/wp\/v2\/pages"}],"about":[{"href":"https:\/\/benjaminlejean.com\/index.php\/wp-json\/wp\/v2\/types\/page"}],"author":[{"embeddable":true,"href":"https:\/\/benjaminlejean.com\/index.php\/wp-json\/wp\/v2\/users\/1"}],"replies":[{"embeddable":true,"href":"https:\/\/benjaminlejean.com\/index.php\/wp-json\/wp\/v2\/comments?post=332"}],"version-history":[{"count":11,"href":"https:\/\/benjaminlejean.com\/index.php\/wp-json\/wp\/v2\/pages\/332\/revisions"}],"predecessor-version":[{"id":1231,"href":"https:\/\/benjaminlejean.com\/index.php\/wp-json\/wp\/v2\/pages\/332\/revisions\/1231"}],"wp:attachment":[{"href":"https:\/\/benjaminlejean.com\/index.php\/wp-json\/wp\/v2\/media?parent=332"}],"curies":[{"name":"wp","href":"https:\/\/api.w.org\/{rel}","templated":true}]}}